{"id":2434,"date":"2025-07-15T15:23:27","date_gmt":"2025-07-15T13:23:27","guid":{"rendered":"https:\/\/www.drfreitas.at\/online-appointment\/"},"modified":"2025-07-16T09:42:06","modified_gmt":"2025-07-16T07:42:06","slug":"online-appointment","status":"publish","type":"page","link":"https:\/\/www.drfreitas.at\/en\/online-appointment\/","title":{"rendered":"Online Appointment"},"content":{"rendered":"<div  class='flex_column av-2ymcvj-c208b003c47efb134313a98315e5f127 av_one_full  avia-builder-el-0  avia-builder-el-no-sibling  first flex_column_div  '     ><section  class='av_textblock_section av-md4kadoh-368d5d071e2210381fad8dae0b6bdf2c '   itemscope=\"itemscope\" itemtype=\"https:\/\/schema.org\/CreativeWork\" ><div class='avia_textblock'  itemprop=\"text\" ><h1 style=\"text-align: center;\">Online Appointment<\/h1>\n<h2 style=\"text-align: center;\">Book your appointment conveniently online!<\/h2>\n<p style=\"text-align: center;\">If there is currently no suitable appointment available for you, please check again later.<\/p>\n<\/div><\/section><br \/>\n<\/p><\/div>\n","protected":false},"excerpt":{"rendered":"","protected":false},"author":1,"featured_media":0,"parent":0,"menu_order":0,"comment_status":"closed","ping_status":"closed","template":"","meta":{"footnotes":""},"class_list":["post-2434","page","type-page","status-publish","hentry"],"yoast_head":"<!-- This site is optimized with the Yoast SEO plugin v27.3 - https:\/\/yoast.com\/product\/yoast-seo-wordpress\/ -->\n<title>Online Appointment - Dr. Alexis Freitas<\/title>\n<meta name=\"robots\" content=\"index, follow, max-snippet:-1, max-image-preview:large, max-video-preview:-1\" \/>\n<link rel=\"canonical\" href=\"https:\/\/www.drfreitas.at\/en\/online-appointment\/\" \/>\n<meta property=\"og:locale\" content=\"en_US\" \/>\n<meta property=\"og:type\" content=\"article\" \/>\n<meta property=\"og:title\" content=\"Online Appointment - Dr. Alexis Freitas\" \/>\n<meta property=\"og:url\" content=\"https:\/\/www.drfreitas.at\/en\/online-appointment\/\" \/>\n<meta property=\"og:site_name\" content=\"Dr. Alexis Freitas\" \/>\n<meta property=\"article:publisher\" content=\"https:\/\/www.facebook.com\/dralexisfreitas\/\" \/>\n<meta property=\"article:modified_time\" content=\"2025-07-16T07:42:06+00:00\" \/>\n<meta name=\"twitter:card\" content=\"summary_large_image\" \/>\n<meta name=\"twitter:label1\" content=\"Est. reading time\" \/>\n\t<meta name=\"twitter:data1\" content=\"3 minutes\" \/>\n<script type=\"application\/ld+json\" class=\"yoast-schema-graph\">{\"@context\":\"https:\\\/\\\/schema.org\",\"@graph\":[{\"@type\":\"WebPage\",\"@id\":\"https:\\\/\\\/www.drfreitas.at\\\/en\\\/online-appointment\\\/\",\"url\":\"https:\\\/\\\/www.drfreitas.at\\\/en\\\/online-appointment\\\/\",\"name\":\"Online Appointment - Dr. Alexis Freitas\",\"isPartOf\":{\"@id\":\"https:\\\/\\\/www.drfreitas.at\\\/en\\\/#website\"},\"datePublished\":\"2025-07-15T13:23:27+00:00\",\"dateModified\":\"2025-07-16T07:42:06+00:00\",\"breadcrumb\":{\"@id\":\"https:\\\/\\\/www.drfreitas.at\\\/en\\\/online-appointment\\\/#breadcrumb\"},\"inLanguage\":\"en-US\",\"potentialAction\":[{\"@type\":\"ReadAction\",\"target\":[\"https:\\\/\\\/www.drfreitas.at\\\/en\\\/online-appointment\\\/\"]}]},{\"@type\":\"BreadcrumbList\",\"@id\":\"https:\\\/\\\/www.drfreitas.at\\\/en\\\/online-appointment\\\/#breadcrumb\",\"itemListElement\":[{\"@type\":\"ListItem\",\"position\":1,\"name\":\"Startseite\",\"item\":\"https:\\\/\\\/www.drfreitas.at\\\/en\\\/dr-alexis-freitas-specialist-in-general-surgery-senior-surgeon-european-specialist-in-coloproctology\\\/\"},{\"@type\":\"ListItem\",\"position\":2,\"name\":\"Online Appointment\"}]},{\"@type\":\"WebSite\",\"@id\":\"https:\\\/\\\/www.drfreitas.at\\\/en\\\/#website\",\"url\":\"https:\\\/\\\/www.drfreitas.at\\\/en\\\/\",\"name\":\"Dr. Alexis Freitas - Facharzt f\u00fcr Chirurgie und Europ\u00e4ischer Facharzt f\u00fcr Chirurgie\u2009\\\/\u2009Koloproktologie\",\"description\":\"Facharzt f\u00fcr Chirurgie und Europ\u00e4ischer Facharzt f\u00fcr Chirurgie\u2009\\\/\u2009Koloproktologie\",\"publisher\":{\"@id\":\"https:\\\/\\\/www.drfreitas.at\\\/en\\\/#organization\"},\"potentialAction\":[{\"@type\":\"SearchAction\",\"target\":{\"@type\":\"EntryPoint\",\"urlTemplate\":\"https:\\\/\\\/www.drfreitas.at\\\/en\\\/?s={search_term_string}\"},\"query-input\":{\"@type\":\"PropertyValueSpecification\",\"valueRequired\":true,\"valueName\":\"search_term_string\"}}],\"inLanguage\":\"en-US\"},{\"@type\":\"Organization\",\"@id\":\"https:\\\/\\\/www.drfreitas.at\\\/en\\\/#organization\",\"name\":\"OA Dr. Alexis Freitas, F.E.B.S.\",\"url\":\"https:\\\/\\\/www.drfreitas.at\\\/en\\\/\",\"logo\":{\"@type\":\"ImageObject\",\"inLanguage\":\"en-US\",\"@id\":\"https:\\\/\\\/www.drfreitas.at\\\/en\\\/#\\\/schema\\\/logo\\\/image\\\/\",\"url\":\"https:\\\/\\\/www.drfreitas.at\\\/wp-content\\\/uploads\\\/dr-freitas-favicon.svg\",\"contentUrl\":\"https:\\\/\\\/www.drfreitas.at\\\/wp-content\\\/uploads\\\/dr-freitas-favicon.svg\",\"width\":1,\"height\":1,\"caption\":\"OA Dr. Alexis Freitas, F.E.B.S.\"},\"image\":{\"@id\":\"https:\\\/\\\/www.drfreitas.at\\\/en\\\/#\\\/schema\\\/logo\\\/image\\\/\"},\"sameAs\":[\"https:\\\/\\\/www.facebook.com\\\/dralexisfreitas\\\/\"]}]}<\/script>\n<!-- \/ Yoast SEO plugin. -->","yoast_head_json":{"title":"Online Appointment - Dr. Alexis Freitas","robots":{"index":"index","follow":"follow","max-snippet":"max-snippet:-1","max-image-preview":"max-image-preview:large","max-video-preview":"max-video-preview:-1"},"canonical":"https:\/\/www.drfreitas.at\/en\/online-appointment\/","og_locale":"en_US","og_type":"article","og_title":"Online Appointment - Dr. Alexis Freitas","og_url":"https:\/\/www.drfreitas.at\/en\/online-appointment\/","og_site_name":"Dr. Alexis Freitas","article_publisher":"https:\/\/www.facebook.com\/dralexisfreitas\/","article_modified_time":"2025-07-16T07:42:06+00:00","twitter_card":"summary_large_image","twitter_misc":{"Est. reading time":"3 minutes"},"schema":{"@context":"https:\/\/schema.org","@graph":[{"@type":"WebPage","@id":"https:\/\/www.drfreitas.at\/en\/online-appointment\/","url":"https:\/\/www.drfreitas.at\/en\/online-appointment\/","name":"Online Appointment - Dr. Alexis Freitas","isPartOf":{"@id":"https:\/\/www.drfreitas.at\/en\/#website"},"datePublished":"2025-07-15T13:23:27+00:00","dateModified":"2025-07-16T07:42:06+00:00","breadcrumb":{"@id":"https:\/\/www.drfreitas.at\/en\/online-appointment\/#breadcrumb"},"inLanguage":"en-US","potentialAction":[{"@type":"ReadAction","target":["https:\/\/www.drfreitas.at\/en\/online-appointment\/"]}]},{"@type":"BreadcrumbList","@id":"https:\/\/www.drfreitas.at\/en\/online-appointment\/#breadcrumb","itemListElement":[{"@type":"ListItem","position":1,"name":"Startseite","item":"https:\/\/www.drfreitas.at\/en\/dr-alexis-freitas-specialist-in-general-surgery-senior-surgeon-european-specialist-in-coloproctology\/"},{"@type":"ListItem","position":2,"name":"Online Appointment"}]},{"@type":"WebSite","@id":"https:\/\/www.drfreitas.at\/en\/#website","url":"https:\/\/www.drfreitas.at\/en\/","name":"Dr. Alexis Freitas - Facharzt f\u00fcr Chirurgie und Europ\u00e4ischer Facharzt f\u00fcr Chirurgie\u2009\/\u2009Koloproktologie","description":"Facharzt f\u00fcr Chirurgie und Europ\u00e4ischer Facharzt f\u00fcr Chirurgie\u2009\/\u2009Koloproktologie","publisher":{"@id":"https:\/\/www.drfreitas.at\/en\/#organization"},"potentialAction":[{"@type":"SearchAction","target":{"@type":"EntryPoint","urlTemplate":"https:\/\/www.drfreitas.at\/en\/?s={search_term_string}"},"query-input":{"@type":"PropertyValueSpecification","valueRequired":true,"valueName":"search_term_string"}}],"inLanguage":"en-US"},{"@type":"Organization","@id":"https:\/\/www.drfreitas.at\/en\/#organization","name":"OA Dr. Alexis Freitas, F.E.B.S.","url":"https:\/\/www.drfreitas.at\/en\/","logo":{"@type":"ImageObject","inLanguage":"en-US","@id":"https:\/\/www.drfreitas.at\/en\/#\/schema\/logo\/image\/","url":"https:\/\/www.drfreitas.at\/wp-content\/uploads\/dr-freitas-favicon.svg","contentUrl":"https:\/\/www.drfreitas.at\/wp-content\/uploads\/dr-freitas-favicon.svg","width":1,"height":1,"caption":"OA Dr. Alexis Freitas, F.E.B.S."},"image":{"@id":"https:\/\/www.drfreitas.at\/en\/#\/schema\/logo\/image\/"},"sameAs":["https:\/\/www.facebook.com\/dralexisfreitas\/"]}]}},"_links":{"self":[{"href":"https:\/\/www.drfreitas.at\/en\/wp-json\/wp\/v2\/pages\/2434","targetHints":{"allow":["GET"]}}],"collection":[{"href":"https:\/\/www.drfreitas.at\/en\/wp-json\/wp\/v2\/pages"}],"about":[{"href":"https:\/\/www.drfreitas.at\/en\/wp-json\/wp\/v2\/types\/page"}],"author":[{"embeddable":true,"href":"https:\/\/www.drfreitas.at\/en\/wp-json\/wp\/v2\/users\/1"}],"replies":[{"embeddable":true,"href":"https:\/\/www.drfreitas.at\/en\/wp-json\/wp\/v2\/comments?post=2434"}],"version-history":[{"count":4,"href":"https:\/\/www.drfreitas.at\/en\/wp-json\/wp\/v2\/pages\/2434\/revisions"}],"predecessor-version":[{"id":2441,"href":"https:\/\/www.drfreitas.at\/en\/wp-json\/wp\/v2\/pages\/2434\/revisions\/2441"}],"wp:attachment":[{"href":"https:\/\/www.drfreitas.at\/en\/wp-json\/wp\/v2\/media?parent=2434"}],"curies":[{"name":"wp","href":"https:\/\/api.w.org\/{rel}","templated":true}]}}