{"id":2380,"date":"2022-11-11T12:05:48","date_gmt":"2022-11-11T11:05:48","guid":{"rendered":"https:\/\/www.drfreitas.at\/privacy-policy\/"},"modified":"2025-06-27T12:03:17","modified_gmt":"2025-06-27T10:03:17","slug":"privacy-policy","status":"publish","type":"page","link":"https:\/\/www.drfreitas.at\/en\/privacy-policy\/","title":{"rendered":"Privacy Policy"},"content":{"rendered":"<section  class='av_textblock_section av-lbpnc3df-96ec221a9a89f0d3a024d2eff48b6ca8 '   itemscope=\"itemscope\" itemtype=\"https:\/\/schema.org\/CreativeWork\" ><div class='avia_textblock'  itemprop=\"text\" ><h1>Privacy Policy<\/h1>\n<h2>Owner of this website<\/h2>\n<p> Dr. Alexis Freitas Lazarettgasse 25\/2\/6 1090 Vienna +43 699 15 12 15 13 <a href=\"mailto:office@drfreitas.at\"><\/a><a href=\"mailto:office@drfreitas.at\">office@drfreitas.at<\/a><br \/>\n<a href=\"http:\/\/www.drfreitas.at\"><\/a><a href=\"http:\/\/www.drfreitas.at\">www.drfreitas.at<\/a><\/p>\n<h2>Collection of personal data<\/h2>\n<p> When using this website, only those data are collected that your browser transmits to the server of the website (so-called \u201cserver log files\u201d). Only data that are technically necessary for displaying this website are collected. The processing is carried out in accordance with Article 6(1)(f) of the GDPR, based on the legitimate interest in improving the stability and functionality of this website.     <\/p>\n<h2>Contact form<\/h2>\n<p> If you contact us via the contact form on this website or by email, the data you provide will be stored for the purpose of processing your inquiry and in case of follow-up questions. Your data will be retained until the inquiry has been fully processed, but for at least six months. Your data will not be shared with third parties and will not be transferred to a third country without your consent.  <\/p>\n<h2>Cookies<\/h2>\n<p> Cookies are small text files that are stored on your computer. Some of the cookies used by this website are deleted after your browser session ends, i.e., when you close your browser. Other cookies remain on your device and allow the operator of this website or our partner companies (third-party cookies) to recognize your browser on your next visit (persistent cookies).<br \/>When cookies are set, they collect and process certain user information to a limited extent, such as browser and location data as well as IP address values. Persistent cookies are automatically deleted after a specified period, which may vary depending on the cookie.<br \/>In the following sections, you will receive detailed information about the cookies used on this website, their purposes, and have the option to enable or disable their use. Please note that blocking cookies may affect your experience and functionality of this website.       <\/p>\n<h3>Functional cookies<\/h3>\n<p> These cookies are strictly necessary to provide you with the services available on this website and to enable the use of some of its features. Since these cookies are essential for the operation of the website, you cannot refuse them without impairing the functionality of our site.  <\/p>\n<h3>Overview of cookies used<\/h3>\n<div  class='avia-cookie-privacy avia-cookie-privacy-cookie-info avia-cookie-privacy-cookie-info-container '><\/div>\n<h3>Individual cookie settings<\/h3>\n<p> You can manage your cookie preferences here: <div class='av-privacy-popup-button-wrap '><a href='#' class='avia-button avia-cookie-consent-button av-extra-cookie-btn avia-cookie-info-btn ' >Cookie Settings<\/a><\/div><\/p>\n<h3>Google Analytics cookies<\/h3>\n<p> These cookies collect information that is either used in aggregated form to understand how my website is used or how effective my marketing campaigns are, or to help me customize my website and application for you to enhance your experience. If you do not want me to track your visit to my website, you can disable tracking in your browser here:  <div data-disabled_by_browser=\"Please enable this feature in your browser settings and reload the page.\" class=\"av-switch-aviaPrivacyGoogleTrackingDisabled av-toggle-switch av-cookie-disable-external-toggle av-cookie-save-unchecked av-cookie-default-unchecked\"><label><input type=\"checkbox\"  id=\"aviaPrivacyGoogleTrackingDisabled\" class=\"aviaPrivacyGoogleTrackingDisabled \" name=\"aviaPrivacyGoogleTrackingDisabled\" ><span class=\"toggle-track\"><\/span><span class=\"toggle-label-content\">Click to enable\/disable Google Analytics tracking.<\/span><\/label><\/div><\/p>\n<h2>Embedded content from other websites<\/h2>\n<p> Posts on this website may contain embedded content (e.g., videos, images, posts, etc.). Embedded content from other websites behaves exactly as if the visitor had visited the other website. These websites may collect data about you, use cookies, embed additional third-party tracking services, and record your interaction with the embedded content, including your interaction if you have an account and are logged in to this website. You can refuse the use of embedded videos here:    <div class=\"av-switch-aviaPrivacyVideoEmbedsDisabled av-toggle-switch av-cookie-disable-external-toggle av-cookie-save-unchecked av-cookie-default-unchecked\"><label><input type=\"checkbox\"  id=\"aviaPrivacyVideoEmbedsDisabled\" class=\"aviaPrivacyVideoEmbedsDisabled \" name=\"aviaPrivacyVideoEmbedsDisabled\" ><span class=\"toggle-track\"><\/span><span class=\"toggle-label-content\">Click to enable\/disable video embeds.<\/span><\/label><\/div><\/p>\n<h2>Your rights<\/h2>\n<p> You have the following rights in principle: the right to access, rectification, erasure, restriction of processing, data portability, withdrawal of consent, and objection. You can exercise these rights at any time by contacting the operator of this website to have your data deleted. If you believe that the processing of your data violates data protection law or that your data protection rights have otherwise been infringed, you have the right to file a complaint with the supervisory authority. In Austria, this is the Data Protection Authority.<\/p>\n<\/div><\/section>\n","protected":false},"excerpt":{"rendered":"","protected":false},"author":1,"featured_media":0,"parent":0,"menu_order":0,"comment_status":"closed","ping_status":"open","template":"","meta":{"footnotes":""},"class_list":["post-2380","page","type-page","status-publish","hentry"],"yoast_head":"<!-- This site is optimized with the Yoast SEO plugin v27.3 - https:\/\/yoast.com\/product\/yoast-seo-wordpress\/ -->\n<title>Privacy Policy - Dr. Alexis Freitas<\/title>\n<meta name=\"robots\" content=\"noindex, follow\" \/>\n<meta property=\"og:locale\" content=\"en_US\" \/>\n<meta property=\"og:type\" content=\"article\" \/>\n<meta property=\"og:title\" content=\"Privacy Policy - Dr. Alexis Freitas\" \/>\n<meta property=\"og:url\" content=\"https:\/\/www.drfreitas.at\/en\/privacy-policy\/\" \/>\n<meta property=\"og:site_name\" content=\"Dr. Alexis Freitas\" \/>\n<meta property=\"article:publisher\" content=\"https:\/\/www.facebook.com\/dralexisfreitas\/\" \/>\n<meta property=\"article:modified_time\" content=\"2025-06-27T10:03:17+00:00\" \/>\n<meta name=\"twitter:card\" content=\"summary_large_image\" \/>\n<meta name=\"twitter:label1\" content=\"Est. reading time\" \/>\n\t<meta name=\"twitter:data1\" content=\"3 minutes\" \/>\n<script type=\"application\/ld+json\" class=\"yoast-schema-graph\">{\"@context\":\"https:\\\/\\\/schema.org\",\"@graph\":[{\"@type\":\"WebPage\",\"@id\":\"https:\\\/\\\/www.drfreitas.at\\\/en\\\/privacy-policy\\\/\",\"url\":\"https:\\\/\\\/www.drfreitas.at\\\/en\\\/privacy-policy\\\/\",\"name\":\"Privacy Policy - Dr. Alexis Freitas\",\"isPartOf\":{\"@id\":\"https:\\\/\\\/www.drfreitas.at\\\/en\\\/#website\"},\"datePublished\":\"2022-11-11T11:05:48+00:00\",\"dateModified\":\"2025-06-27T10:03:17+00:00\",\"breadcrumb\":{\"@id\":\"https:\\\/\\\/www.drfreitas.at\\\/en\\\/privacy-policy\\\/#breadcrumb\"},\"inLanguage\":\"en-US\",\"potentialAction\":[{\"@type\":\"ReadAction\",\"target\":[\"https:\\\/\\\/www.drfreitas.at\\\/en\\\/privacy-policy\\\/\"]}]},{\"@type\":\"BreadcrumbList\",\"@id\":\"https:\\\/\\\/www.drfreitas.at\\\/en\\\/privacy-policy\\\/#breadcrumb\",\"itemListElement\":[{\"@type\":\"ListItem\",\"position\":1,\"name\":\"Startseite\",\"item\":\"https:\\\/\\\/www.drfreitas.at\\\/en\\\/dr-alexis-freitas-specialist-in-general-surgery-senior-surgeon-european-specialist-in-coloproctology\\\/\"},{\"@type\":\"ListItem\",\"position\":2,\"name\":\"Privacy Policy\"}]},{\"@type\":\"WebSite\",\"@id\":\"https:\\\/\\\/www.drfreitas.at\\\/en\\\/#website\",\"url\":\"https:\\\/\\\/www.drfreitas.at\\\/en\\\/\",\"name\":\"Dr. Alexis Freitas - Facharzt f\u00fcr Chirurgie und Europ\u00e4ischer Facharzt f\u00fcr Chirurgie\u2009\\\/\u2009Koloproktologie\",\"description\":\"Facharzt f\u00fcr Chirurgie und Europ\u00e4ischer Facharzt f\u00fcr Chirurgie\u2009\\\/\u2009Koloproktologie\",\"publisher\":{\"@id\":\"https:\\\/\\\/www.drfreitas.at\\\/en\\\/#organization\"},\"potentialAction\":[{\"@type\":\"SearchAction\",\"target\":{\"@type\":\"EntryPoint\",\"urlTemplate\":\"https:\\\/\\\/www.drfreitas.at\\\/en\\\/?s={search_term_string}\"},\"query-input\":{\"@type\":\"PropertyValueSpecification\",\"valueRequired\":true,\"valueName\":\"search_term_string\"}}],\"inLanguage\":\"en-US\"},{\"@type\":\"Organization\",\"@id\":\"https:\\\/\\\/www.drfreitas.at\\\/en\\\/#organization\",\"name\":\"OA Dr. Alexis Freitas, F.E.B.S.\",\"url\":\"https:\\\/\\\/www.drfreitas.at\\\/en\\\/\",\"logo\":{\"@type\":\"ImageObject\",\"inLanguage\":\"en-US\",\"@id\":\"https:\\\/\\\/www.drfreitas.at\\\/en\\\/#\\\/schema\\\/logo\\\/image\\\/\",\"url\":\"https:\\\/\\\/www.drfreitas.at\\\/wp-content\\\/uploads\\\/dr-freitas-favicon.svg\",\"contentUrl\":\"https:\\\/\\\/www.drfreitas.at\\\/wp-content\\\/uploads\\\/dr-freitas-favicon.svg\",\"width\":1,\"height\":1,\"caption\":\"OA Dr. Alexis Freitas, F.E.B.S.\"},\"image\":{\"@id\":\"https:\\\/\\\/www.drfreitas.at\\\/en\\\/#\\\/schema\\\/logo\\\/image\\\/\"},\"sameAs\":[\"https:\\\/\\\/www.facebook.com\\\/dralexisfreitas\\\/\"]}]}<\/script>\n<!-- \/ Yoast SEO plugin. -->","yoast_head_json":{"title":"Privacy Policy - Dr. Alexis Freitas","robots":{"index":"noindex","follow":"follow"},"og_locale":"en_US","og_type":"article","og_title":"Privacy Policy - Dr. Alexis Freitas","og_url":"https:\/\/www.drfreitas.at\/en\/privacy-policy\/","og_site_name":"Dr. Alexis Freitas","article_publisher":"https:\/\/www.facebook.com\/dralexisfreitas\/","article_modified_time":"2025-06-27T10:03:17+00:00","twitter_card":"summary_large_image","twitter_misc":{"Est. reading time":"3 minutes"},"schema":{"@context":"https:\/\/schema.org","@graph":[{"@type":"WebPage","@id":"https:\/\/www.drfreitas.at\/en\/privacy-policy\/","url":"https:\/\/www.drfreitas.at\/en\/privacy-policy\/","name":"Privacy Policy - Dr. Alexis Freitas","isPartOf":{"@id":"https:\/\/www.drfreitas.at\/en\/#website"},"datePublished":"2022-11-11T11:05:48+00:00","dateModified":"2025-06-27T10:03:17+00:00","breadcrumb":{"@id":"https:\/\/www.drfreitas.at\/en\/privacy-policy\/#breadcrumb"},"inLanguage":"en-US","potentialAction":[{"@type":"ReadAction","target":["https:\/\/www.drfreitas.at\/en\/privacy-policy\/"]}]},{"@type":"BreadcrumbList","@id":"https:\/\/www.drfreitas.at\/en\/privacy-policy\/#breadcrumb","itemListElement":[{"@type":"ListItem","position":1,"name":"Startseite","item":"https:\/\/www.drfreitas.at\/en\/dr-alexis-freitas-specialist-in-general-surgery-senior-surgeon-european-specialist-in-coloproctology\/"},{"@type":"ListItem","position":2,"name":"Privacy Policy"}]},{"@type":"WebSite","@id":"https:\/\/www.drfreitas.at\/en\/#website","url":"https:\/\/www.drfreitas.at\/en\/","name":"Dr. Alexis Freitas - Facharzt f\u00fcr Chirurgie und Europ\u00e4ischer Facharzt f\u00fcr Chirurgie\u2009\/\u2009Koloproktologie","description":"Facharzt f\u00fcr Chirurgie und Europ\u00e4ischer Facharzt f\u00fcr Chirurgie\u2009\/\u2009Koloproktologie","publisher":{"@id":"https:\/\/www.drfreitas.at\/en\/#organization"},"potentialAction":[{"@type":"SearchAction","target":{"@type":"EntryPoint","urlTemplate":"https:\/\/www.drfreitas.at\/en\/?s={search_term_string}"},"query-input":{"@type":"PropertyValueSpecification","valueRequired":true,"valueName":"search_term_string"}}],"inLanguage":"en-US"},{"@type":"Organization","@id":"https:\/\/www.drfreitas.at\/en\/#organization","name":"OA Dr. Alexis Freitas, F.E.B.S.","url":"https:\/\/www.drfreitas.at\/en\/","logo":{"@type":"ImageObject","inLanguage":"en-US","@id":"https:\/\/www.drfreitas.at\/en\/#\/schema\/logo\/image\/","url":"https:\/\/www.drfreitas.at\/wp-content\/uploads\/dr-freitas-favicon.svg","contentUrl":"https:\/\/www.drfreitas.at\/wp-content\/uploads\/dr-freitas-favicon.svg","width":1,"height":1,"caption":"OA Dr. Alexis Freitas, F.E.B.S."},"image":{"@id":"https:\/\/www.drfreitas.at\/en\/#\/schema\/logo\/image\/"},"sameAs":["https:\/\/www.facebook.com\/dralexisfreitas\/"]}]}},"_links":{"self":[{"href":"https:\/\/www.drfreitas.at\/en\/wp-json\/wp\/v2\/pages\/2380","targetHints":{"allow":["GET"]}}],"collection":[{"href":"https:\/\/www.drfreitas.at\/en\/wp-json\/wp\/v2\/pages"}],"about":[{"href":"https:\/\/www.drfreitas.at\/en\/wp-json\/wp\/v2\/types\/page"}],"author":[{"embeddable":true,"href":"https:\/\/www.drfreitas.at\/en\/wp-json\/wp\/v2\/users\/1"}],"replies":[{"embeddable":true,"href":"https:\/\/www.drfreitas.at\/en\/wp-json\/wp\/v2\/comments?post=2380"}],"version-history":[{"count":5,"href":"https:\/\/www.drfreitas.at\/en\/wp-json\/wp\/v2\/pages\/2380\/revisions"}],"predecessor-version":[{"id":2388,"href":"https:\/\/www.drfreitas.at\/en\/wp-json\/wp\/v2\/pages\/2380\/revisions\/2388"}],"wp:attachment":[{"href":"https:\/\/www.drfreitas.at\/en\/wp-json\/wp\/v2\/media?parent=2380"}],"curies":[{"name":"wp","href":"https:\/\/api.w.org\/{rel}","templated":true}]}}