{"id":2332,"date":"2024-12-17T22:08:10","date_gmt":"2024-12-17T21:08:10","guid":{"rendered":"https:\/\/www.drfreitas.at\/intestinal-and-anorectal-diseases\/bowel-evacuation-disorder\/"},"modified":"2025-10-16T16:47:57","modified_gmt":"2025-10-16T14:47:57","slug":"bowel-evacuation-disorder","status":"publish","type":"page","link":"https:\/\/www.drfreitas.at\/en\/intestinal-and-anorectal-diseases\/bowel-evacuation-disorder\/","title":{"rendered":"Bowel evacuation disorder"},"content":{"rendered":"\n<style type=\"text\/css\" data-created_by=\"avia_inline_auto\" id=\"style-css-av-5v3227-ee705830e624eca6087bdbdcd89a8be3\">\n.avia-section.av-5v3227-ee705830e624eca6087bdbdcd89a8be3{\nbackground-repeat:no-repeat;\nbackground-image:url(https:\/\/www.drfreitas.at\/wp-content\/uploads\/bauchschmerzen-alexis-freitas.jpg);\nbackground-position:50% 50%;\nbackground-attachment:scroll;\n}\n.avia-section.av-5v3227-ee705830e624eca6087bdbdcd89a8be3 .av-section-color-overlay{\nopacity:0.5;\nbackground-color:#fcfcfc;\n}\n<\/style>\n<div id='av_section_1'  class='avia-section av-5v3227-ee705830e624eca6087bdbdcd89a8be3 main_color avia-section-default avia-no-border-styling  avia-builder-el-0  el_before_av_one_full  avia-builder-el-first  avia-full-stretch avia-bg-style-scroll av-section-color-overlay-active av-minimum-height av-minimum-height-50 av-height-50  container_wrap fullsize'  data-section-bg-repeat='stretch' data-av_minimum_height_pc='50' data-av_min_height_opt='50'><div class=\"av-section-color-overlay-wrap\"><div class=\"av-section-color-overlay\"><\/div><div class='container av-section-cont-open' ><main  role=\"main\" itemprop=\"mainContentOfPage\"  class='template-page content  av-content-full alpha units'><div class='post-entry post-entry-type-page post-entry-2332'><div class='entry-content-wrapper clearfix'>\n<div  class='flex_column av-3jofxb-b6c53e8317e48978741f4ef534271e7f av_one_full  avia-builder-el-1  avia-builder-el-no-sibling  first flex_column_div  '     ><section  class='av_textblock_section av-m4szmdw8-43863251398eba6da3a74c9841afe696 '   itemscope=\"itemscope\" itemtype=\"https:\/\/schema.org\/CreativeWork\" ><div class='avia_textblock'  itemprop=\"text\" ><h1 style=\"text-align: center;\">Bowel evacuation disorder<\/h1>\n<\/div><\/section><\/div>\n<\/div><\/div><\/main><!-- close content main element --><\/div><\/div><\/div><div id='after_section_1'  class='main_color av_default_container_wrap container_wrap fullsize'  ><div class='container av-section-cont-open' ><div class='template-page content  av-content-full alpha units'><div class='post-entry post-entry-type-page post-entry-2332'><div class='entry-content-wrapper clearfix'>\n<div  class='flex_column av-265e3z-9e5be1d452939518bbfad0f70297dfe9 av_one_full  avia-builder-el-3  el_after_av_section  avia-builder-el-no-sibling  first flex_column_div  '     ><section  class='av_textblock_section av-m4szmjd8-be92355eca0544bcbb639898b0872c89 '   itemscope=\"itemscope\" itemtype=\"https:\/\/schema.org\/CreativeWork\" ><div class='avia_textblock'  itemprop=\"text\" ><h3>Outlet Obstruction, Rectocele &amp; Intussusception<\/h3>\n<h3>Causes, Symptoms, and Modern Treatment Options<\/h3>\n<p>Patients with defecation disorders such as outlet obstruction (ODS), rectocele, rectal intussusception, or obstructive constipation often suffer for months or even years before the correct diagnosis is made by a specialized expert.<\/p>\n<p>Common symptoms include:<\/p>\n<ul>\n<li>A constant sensation of incomplete evacuation<\/li>\n<li>Repeated attempts to empty the bowels<\/li>\n<li>A feeling that stool remains in the rectum<\/li>\n<\/ul>\n<p>I take plenty of time for a thorough and detailed diagnostic process to fully understand your condition. In many cases, conservative treatments \u2014 such as pelvic floor training \u2014 can lead to significant improvement. If symptoms persist despite initial therapy, further evaluation with radiological tests like defecography may be helpful.  <\/p>\n<p>Should surgery become necessary, we will decide together on the best approach: either a minimally invasive abdominal procedure (mesh rectopexy) or a transanal technique, depending on the specific condition. The ultimate goal is to relieve your symptoms and enhance your quality of life.<\/p>\n<\/div><\/section><\/div>\n","protected":false},"excerpt":{"rendered":"","protected":false},"author":1,"featured_media":0,"parent":2326,"menu_order":0,"comment_status":"closed","ping_status":"closed","template":"","meta":{"footnotes":""},"class_list":["post-2332","page","type-page","status-publish","hentry"],"yoast_head":"<!-- This site is optimized with the Yoast SEO plugin v27.3 - https:\/\/yoast.com\/product\/yoast-seo-wordpress\/ -->\n<title>Bowel evacuation disorder - Dr. Alexis Freitas<\/title>\n<meta name=\"description\" content=\"Stuhlentleerungsst\u00f6rung (Enddarmobstipation, obstruktives Def\u00e4kationssyndrom, Rektozele): Ursachen, Symptome und moderne Behandlungsm\u00f6glichkeiten.\" \/>\n<meta name=\"robots\" content=\"index, follow, max-snippet:-1, max-image-preview:large, max-video-preview:-1\" \/>\n<link rel=\"canonical\" href=\"https:\/\/www.drfreitas.at\/en\/intestinal-and-anorectal-diseases\/bowel-evacuation-disorder\/\" \/>\n<meta property=\"og:locale\" content=\"en_US\" \/>\n<meta property=\"og:type\" content=\"article\" \/>\n<meta property=\"og:title\" content=\"Bowel evacuation disorder - Dr. Alexis Freitas\" \/>\n<meta property=\"og:description\" content=\"Stuhlentleerungsst\u00f6rung (Enddarmobstipation, obstruktives Def\u00e4kationssyndrom, Rektozele): Ursachen, Symptome und moderne Behandlungsm\u00f6glichkeiten.\" \/>\n<meta property=\"og:url\" content=\"https:\/\/www.drfreitas.at\/en\/intestinal-and-anorectal-diseases\/bowel-evacuation-disorder\/\" \/>\n<meta property=\"og:site_name\" content=\"Dr. Alexis Freitas\" \/>\n<meta property=\"article:publisher\" content=\"https:\/\/www.facebook.com\/dralexisfreitas\/\" \/>\n<meta property=\"article:modified_time\" content=\"2025-10-16T14:47:57+00:00\" \/>\n<meta name=\"twitter:card\" content=\"summary_large_image\" \/>\n<meta name=\"twitter:label1\" content=\"Est. reading time\" \/>\n\t<meta name=\"twitter:data1\" content=\"7 minutes\" \/>\n<script type=\"application\/ld+json\" class=\"yoast-schema-graph\">{\"@context\":\"https:\\\/\\\/schema.org\",\"@graph\":[{\"@type\":\"WebPage\",\"@id\":\"https:\\\/\\\/www.drfreitas.at\\\/en\\\/intestinal-and-anorectal-diseases\\\/bowel-evacuation-disorder\\\/\",\"url\":\"https:\\\/\\\/www.drfreitas.at\\\/en\\\/intestinal-and-anorectal-diseases\\\/bowel-evacuation-disorder\\\/\",\"name\":\"Bowel evacuation disorder - Dr. Alexis Freitas\",\"isPartOf\":{\"@id\":\"https:\\\/\\\/www.drfreitas.at\\\/en\\\/#website\"},\"datePublished\":\"2024-12-17T21:08:10+00:00\",\"dateModified\":\"2025-10-16T14:47:57+00:00\",\"description\":\"Stuhlentleerungsst\u00f6rung (Enddarmobstipation, obstruktives Def\u00e4kationssyndrom, Rektozele): Ursachen, Symptome und moderne Behandlungsm\u00f6glichkeiten.\",\"breadcrumb\":{\"@id\":\"https:\\\/\\\/www.drfreitas.at\\\/en\\\/intestinal-and-anorectal-diseases\\\/bowel-evacuation-disorder\\\/#breadcrumb\"},\"inLanguage\":\"en-US\",\"potentialAction\":[{\"@type\":\"ReadAction\",\"target\":[\"https:\\\/\\\/www.drfreitas.at\\\/en\\\/intestinal-and-anorectal-diseases\\\/bowel-evacuation-disorder\\\/\"]}]},{\"@type\":\"BreadcrumbList\",\"@id\":\"https:\\\/\\\/www.drfreitas.at\\\/en\\\/intestinal-and-anorectal-diseases\\\/bowel-evacuation-disorder\\\/#breadcrumb\",\"itemListElement\":[{\"@type\":\"ListItem\",\"position\":1,\"name\":\"Startseite\",\"item\":\"https:\\\/\\\/www.drfreitas.at\\\/en\\\/dr-alexis-freitas-specialist-in-general-surgery-senior-surgeon-european-specialist-in-coloproctology\\\/\"},{\"@type\":\"ListItem\",\"position\":2,\"name\":\"Intestinal and anorectal diseases\",\"item\":\"https:\\\/\\\/www.drfreitas.at\\\/en\\\/intestinal-and-anorectal-diseases\\\/\"},{\"@type\":\"ListItem\",\"position\":3,\"name\":\"Bowel evacuation disorder\"}]},{\"@type\":\"WebSite\",\"@id\":\"https:\\\/\\\/www.drfreitas.at\\\/en\\\/#website\",\"url\":\"https:\\\/\\\/www.drfreitas.at\\\/en\\\/\",\"name\":\"Dr. Alexis Freitas - Facharzt f\u00fcr Chirurgie und Europ\u00e4ischer Facharzt f\u00fcr Chirurgie\u2009\\\/\u2009Koloproktologie\",\"description\":\"Facharzt f\u00fcr Chirurgie und Europ\u00e4ischer Facharzt f\u00fcr Chirurgie\u2009\\\/\u2009Koloproktologie\",\"publisher\":{\"@id\":\"https:\\\/\\\/www.drfreitas.at\\\/en\\\/#organization\"},\"potentialAction\":[{\"@type\":\"SearchAction\",\"target\":{\"@type\":\"EntryPoint\",\"urlTemplate\":\"https:\\\/\\\/www.drfreitas.at\\\/en\\\/?s={search_term_string}\"},\"query-input\":{\"@type\":\"PropertyValueSpecification\",\"valueRequired\":true,\"valueName\":\"search_term_string\"}}],\"inLanguage\":\"en-US\"},{\"@type\":\"Organization\",\"@id\":\"https:\\\/\\\/www.drfreitas.at\\\/en\\\/#organization\",\"name\":\"OA Dr. Alexis Freitas, F.E.B.S.\",\"url\":\"https:\\\/\\\/www.drfreitas.at\\\/en\\\/\",\"logo\":{\"@type\":\"ImageObject\",\"inLanguage\":\"en-US\",\"@id\":\"https:\\\/\\\/www.drfreitas.at\\\/en\\\/#\\\/schema\\\/logo\\\/image\\\/\",\"url\":\"https:\\\/\\\/www.drfreitas.at\\\/wp-content\\\/uploads\\\/dr-freitas-favicon.svg\",\"contentUrl\":\"https:\\\/\\\/www.drfreitas.at\\\/wp-content\\\/uploads\\\/dr-freitas-favicon.svg\",\"width\":1,\"height\":1,\"caption\":\"OA Dr. Alexis Freitas, F.E.B.S.\"},\"image\":{\"@id\":\"https:\\\/\\\/www.drfreitas.at\\\/en\\\/#\\\/schema\\\/logo\\\/image\\\/\"},\"sameAs\":[\"https:\\\/\\\/www.facebook.com\\\/dralexisfreitas\\\/\"]}]}<\/script>\n<!-- \/ Yoast SEO plugin. -->","yoast_head_json":{"title":"Bowel evacuation disorder - Dr. Alexis Freitas","description":"Stuhlentleerungsst\u00f6rung (Enddarmobstipation, obstruktives Def\u00e4kationssyndrom, Rektozele): Ursachen, Symptome und moderne Behandlungsm\u00f6glichkeiten.","robots":{"index":"index","follow":"follow","max-snippet":"max-snippet:-1","max-image-preview":"max-image-preview:large","max-video-preview":"max-video-preview:-1"},"canonical":"https:\/\/www.drfreitas.at\/en\/intestinal-and-anorectal-diseases\/bowel-evacuation-disorder\/","og_locale":"en_US","og_type":"article","og_title":"Bowel evacuation disorder - Dr. Alexis Freitas","og_description":"Stuhlentleerungsst\u00f6rung (Enddarmobstipation, obstruktives Def\u00e4kationssyndrom, Rektozele): Ursachen, Symptome und moderne Behandlungsm\u00f6glichkeiten.","og_url":"https:\/\/www.drfreitas.at\/en\/intestinal-and-anorectal-diseases\/bowel-evacuation-disorder\/","og_site_name":"Dr. Alexis Freitas","article_publisher":"https:\/\/www.facebook.com\/dralexisfreitas\/","article_modified_time":"2025-10-16T14:47:57+00:00","twitter_card":"summary_large_image","twitter_misc":{"Est. reading time":"7 minutes"},"schema":{"@context":"https:\/\/schema.org","@graph":[{"@type":"WebPage","@id":"https:\/\/www.drfreitas.at\/en\/intestinal-and-anorectal-diseases\/bowel-evacuation-disorder\/","url":"https:\/\/www.drfreitas.at\/en\/intestinal-and-anorectal-diseases\/bowel-evacuation-disorder\/","name":"Bowel evacuation disorder - Dr. Alexis Freitas","isPartOf":{"@id":"https:\/\/www.drfreitas.at\/en\/#website"},"datePublished":"2024-12-17T21:08:10+00:00","dateModified":"2025-10-16T14:47:57+00:00","description":"Stuhlentleerungsst\u00f6rung (Enddarmobstipation, obstruktives Def\u00e4kationssyndrom, Rektozele): Ursachen, Symptome und moderne Behandlungsm\u00f6glichkeiten.","breadcrumb":{"@id":"https:\/\/www.drfreitas.at\/en\/intestinal-and-anorectal-diseases\/bowel-evacuation-disorder\/#breadcrumb"},"inLanguage":"en-US","potentialAction":[{"@type":"ReadAction","target":["https:\/\/www.drfreitas.at\/en\/intestinal-and-anorectal-diseases\/bowel-evacuation-disorder\/"]}]},{"@type":"BreadcrumbList","@id":"https:\/\/www.drfreitas.at\/en\/intestinal-and-anorectal-diseases\/bowel-evacuation-disorder\/#breadcrumb","itemListElement":[{"@type":"ListItem","position":1,"name":"Startseite","item":"https:\/\/www.drfreitas.at\/en\/dr-alexis-freitas-specialist-in-general-surgery-senior-surgeon-european-specialist-in-coloproctology\/"},{"@type":"ListItem","position":2,"name":"Intestinal and anorectal diseases","item":"https:\/\/www.drfreitas.at\/en\/intestinal-and-anorectal-diseases\/"},{"@type":"ListItem","position":3,"name":"Bowel evacuation disorder"}]},{"@type":"WebSite","@id":"https:\/\/www.drfreitas.at\/en\/#website","url":"https:\/\/www.drfreitas.at\/en\/","name":"Dr. Alexis Freitas - Facharzt f\u00fcr Chirurgie und Europ\u00e4ischer Facharzt f\u00fcr Chirurgie\u2009\/\u2009Koloproktologie","description":"Facharzt f\u00fcr Chirurgie und Europ\u00e4ischer Facharzt f\u00fcr Chirurgie\u2009\/\u2009Koloproktologie","publisher":{"@id":"https:\/\/www.drfreitas.at\/en\/#organization"},"potentialAction":[{"@type":"SearchAction","target":{"@type":"EntryPoint","urlTemplate":"https:\/\/www.drfreitas.at\/en\/?s={search_term_string}"},"query-input":{"@type":"PropertyValueSpecification","valueRequired":true,"valueName":"search_term_string"}}],"inLanguage":"en-US"},{"@type":"Organization","@id":"https:\/\/www.drfreitas.at\/en\/#organization","name":"OA Dr. Alexis Freitas, F.E.B.S.","url":"https:\/\/www.drfreitas.at\/en\/","logo":{"@type":"ImageObject","inLanguage":"en-US","@id":"https:\/\/www.drfreitas.at\/en\/#\/schema\/logo\/image\/","url":"https:\/\/www.drfreitas.at\/wp-content\/uploads\/dr-freitas-favicon.svg","contentUrl":"https:\/\/www.drfreitas.at\/wp-content\/uploads\/dr-freitas-favicon.svg","width":1,"height":1,"caption":"OA Dr. Alexis Freitas, F.E.B.S."},"image":{"@id":"https:\/\/www.drfreitas.at\/en\/#\/schema\/logo\/image\/"},"sameAs":["https:\/\/www.facebook.com\/dralexisfreitas\/"]}]}},"_links":{"self":[{"href":"https:\/\/www.drfreitas.at\/en\/wp-json\/wp\/v2\/pages\/2332","targetHints":{"allow":["GET"]}}],"collection":[{"href":"https:\/\/www.drfreitas.at\/en\/wp-json\/wp\/v2\/pages"}],"about":[{"href":"https:\/\/www.drfreitas.at\/en\/wp-json\/wp\/v2\/types\/page"}],"author":[{"embeddable":true,"href":"https:\/\/www.drfreitas.at\/en\/wp-json\/wp\/v2\/users\/1"}],"replies":[{"embeddable":true,"href":"https:\/\/www.drfreitas.at\/en\/wp-json\/wp\/v2\/comments?post=2332"}],"version-history":[{"count":6,"href":"https:\/\/www.drfreitas.at\/en\/wp-json\/wp\/v2\/pages\/2332\/revisions"}],"predecessor-version":[{"id":2819,"href":"https:\/\/www.drfreitas.at\/en\/wp-json\/wp\/v2\/pages\/2332\/revisions\/2819"}],"up":[{"embeddable":true,"href":"https:\/\/www.drfreitas.at\/en\/wp-json\/wp\/v2\/pages\/2326"}],"wp:attachment":[{"href":"https:\/\/www.drfreitas.at\/en\/wp-json\/wp\/v2\/media?parent=2332"}],"curies":[{"name":"wp","href":"https:\/\/api.w.org\/{rel}","templated":true}]}}