{"id":2291,"date":"2024-12-17T22:05:52","date_gmt":"2024-12-17T21:05:52","guid":{"rendered":"https:\/\/www.drfreitas.at\/infectious-diseases-in-the-anal-area\/"},"modified":"2025-06-26T11:27:45","modified_gmt":"2025-06-26T09:27:45","slug":"infectious-diseases-in-the-anal-area","status":"publish","type":"page","link":"https:\/\/www.drfreitas.at\/en\/intestinal-and-anorectal-diseases\/infectious-diseases-in-the-anal-area\/","title":{"rendered":"Infectious Diseases in the Anal Area"},"content":{"rendered":"\n<style type=\"text\/css\" data-created_by=\"avia_inline_auto\" id=\"style-css-av-6lscjd-0857e5102a5412b85ac6f87143c16b5e\">\n.avia-section.av-6lscjd-0857e5102a5412b85ac6f87143c16b5e{\nbackground-repeat:no-repeat;\nbackground-image:url(https:\/\/www.drfreitas.at\/wp-content\/uploads\/iStock-1397373717-1030x687.jpg);\nbackground-position:50% 50%;\nbackground-attachment:scroll;\n}\n.avia-section.av-6lscjd-0857e5102a5412b85ac6f87143c16b5e .av-section-color-overlay{\nopacity:0.5;\nbackground-color:#fcfcfc;\n}\n<\/style>\n<div id='av_section_1'  class='avia-section av-6lscjd-0857e5102a5412b85ac6f87143c16b5e main_color avia-section-default avia-no-border-styling  avia-builder-el-0  el_before_av_one_full  avia-builder-el-first  avia-full-stretch avia-bg-style-scroll av-section-color-overlay-active av-minimum-height av-minimum-height-50 av-height-50  container_wrap fullsize'  data-section-bg-repeat='stretch' data-av_minimum_height_pc='50' data-av_min_height_opt='50'><div class=\"av-section-color-overlay-wrap\"><div class=\"av-section-color-overlay\"><\/div><div class='container av-section-cont-open' ><main  role=\"main\" itemprop=\"mainContentOfPage\"  class='template-page content  av-content-full alpha units'><div class='post-entry post-entry-type-page post-entry-2291'><div class='entry-content-wrapper clearfix'>\n<div  class='flex_column av-3zz2qx-8ef2f4a1db8f1c35bf0fc39f59d92fe2 av_one_full  avia-builder-el-1  avia-builder-el-no-sibling  first flex_column_div  '     ><section  class='av_textblock_section av-m4szho9c-e93d8cb207ac7efba465e55dc9a4938e '   itemscope=\"itemscope\" itemtype=\"https:\/\/schema.org\/CreativeWork\" ><div class='avia_textblock'  itemprop=\"text\" ><h1 style=\"text-align: center;\">Infectious Diseases in the Anal Area<\/h1>\n<\/div><\/section><\/div>\n<\/div><\/div><\/main><!-- close content main element --><\/div><\/div><\/div><div id='after_section_1'  class='main_color av_default_container_wrap container_wrap fullsize'  ><div class='container av-section-cont-open' ><div class='template-page content  av-content-full alpha units'><div class='post-entry post-entry-type-page post-entry-2291'><div class='entry-content-wrapper clearfix'>\n<div  class='flex_column av-2vi8rd-47685c09f97fb0cdf86f58365c9f90b5 av_one_full  avia-builder-el-3  el_after_av_section  avia-builder-el-no-sibling  first flex_column_div  '     ><section  class='av_textblock_section av-m4szi2d8-dc901a54da0fc9ca9d9814c122fa1e49 '   itemscope=\"itemscope\" itemtype=\"https:\/\/schema.org\/CreativeWork\" ><div class='avia_textblock'  itemprop=\"text\" ><h3><strong>Infectious Diseases in the Anal Area \u2013 Causes, Symptoms, and Modern Treatment Options<\/strong><\/h3>\n<p>Various infectious diseases can occur in the anal region, including bacterial, viral, and fungal infections. One of the most common conditions I see in my practice is genital warts <strong>(condylomas)<\/strong>, caused by the human papillomavirus (<strong>HPV<\/strong>). These small warts typically appear around the anus but can also extend deep into the anal canal. Depending on the virus strain, they can be not only bothersome but also pose a long-term risk of developing anal cancer.   <\/p>\n<p>HPV is widespread and plays a key role in the development of various cancers, especially in the head and neck region as well as the anal area. In fact, nearly every person who has had at least three unprotected sexual contacts in their life has likely been exposed to HPV at some point. Vaccination can protect against the cancer-causing strains, but not all HPV types and not against the development of genital warts.  <\/p>\n<p><strong>Early Treatment Is Essential<\/strong><\/p>\n<p>Genital warts can be effectively treated \u2014 either medically with topical creams or surgically by removal. Early treatment not only reduces the risk of infecting others but also lowers the long-term cancer risk. It is equally important that sexual partners are examined to prevent mutual reinfection.  <\/p>\n<p><strong>Other Sexually Transmitted Infections<\/strong><\/p>\n<p>In addition to HPV, several other sexually transmitted infections (STIs) can affect the anal area, such as <strong>chlamydia<\/strong>, <strong>gongonorrhea<\/strong> and <strong>syphilis<\/strong>.<\/p>\n<ul>\n<li><strong>Chlamydia<\/strong> is a sexually transmitted bacterial infection that often affects the anal canal. It is frequently asymptomatic, which can delay diagnosis. A swab test ensures accurate diagnosis and enables targeted treatment. Early therapy is crucial to avoid complications.   <\/li>\n<li><strong>Gonorrhea (clap)<\/strong> is a bacterial STI that may present with pain and purulent discharge. Diagnosis is confirmed via a swab test, and treatment usually involves antibiotics to eliminate the infection quickly and effectively. <\/li>\n<li><strong>Syphilis<\/strong> is a bacterial STI that initially causes a painless but highly contagious ulcer. In later stages, changes to the skin and mucous membranes can occur. Syphilis is treatable with antibiotics, though treatment typically takes longer than for other STIs.   <\/li>\n<\/ul>\n<p>Treatment of these infections is also part of proctological care and is often carried out in collaboration with general practitioners, dermatologists, and gynecologists. With early and targeted therapy, these infections can usually be cured quickly and effectively.<\/p>\n<\/div><\/section><\/div>\n","protected":false},"excerpt":{"rendered":"","protected":false},"author":1,"featured_media":0,"parent":2326,"menu_order":0,"comment_status":"closed","ping_status":"closed","template":"","meta":{"footnotes":""},"class_list":["post-2291","page","type-page","status-publish","hentry"],"yoast_head":"<!-- This site is optimized with the Yoast SEO plugin v27.3 - https:\/\/yoast.com\/product\/yoast-seo-wordpress\/ -->\n<title>Infectious Diseases in the Anal Area - Dr. Alexis Freitas<\/title>\n<meta name=\"description\" content=\"Causes, symptoms, and treatment options for anal infections, including HPV-related genital warts, chlamydia, gonorrhea, and syphilis \u2013 early diagnosis ensures effective care and prevents complication.\" \/>\n<meta name=\"robots\" content=\"index, follow, max-snippet:-1, max-image-preview:large, max-video-preview:-1\" \/>\n<link rel=\"canonical\" href=\"https:\/\/www.drfreitas.at\/en\/intestinal-and-anorectal-diseases\/infectious-diseases-in-the-anal-area\/\" \/>\n<meta property=\"og:locale\" content=\"en_US\" \/>\n<meta property=\"og:type\" content=\"article\" \/>\n<meta property=\"og:title\" content=\"Infectious Diseases in the Anal Area - Dr. Alexis Freitas\" \/>\n<meta property=\"og:description\" content=\"Causes, symptoms, and treatment options for anal infections, including HPV-related genital warts, chlamydia, gonorrhea, and syphilis \u2013 early diagnosis ensures effective care and prevents complication.\" \/>\n<meta property=\"og:url\" content=\"https:\/\/www.drfreitas.at\/en\/intestinal-and-anorectal-diseases\/infectious-diseases-in-the-anal-area\/\" \/>\n<meta property=\"og:site_name\" content=\"Dr. Alexis Freitas\" \/>\n<meta property=\"article:publisher\" content=\"https:\/\/www.facebook.com\/dralexisfreitas\/\" \/>\n<meta property=\"article:modified_time\" content=\"2025-06-26T09:27:45+00:00\" \/>\n<meta name=\"twitter:card\" content=\"summary_large_image\" \/>\n<meta name=\"twitter:label1\" content=\"Est. reading time\" \/>\n\t<meta name=\"twitter:data1\" content=\"9 minutes\" \/>\n<script type=\"application\/ld+json\" class=\"yoast-schema-graph\">{\"@context\":\"https:\\\/\\\/schema.org\",\"@graph\":[{\"@type\":\"WebPage\",\"@id\":\"https:\\\/\\\/www.drfreitas.at\\\/en\\\/intestinal-and-anorectal-diseases\\\/infectious-diseases-in-the-anal-area\\\/\",\"url\":\"https:\\\/\\\/www.drfreitas.at\\\/en\\\/intestinal-and-anorectal-diseases\\\/infectious-diseases-in-the-anal-area\\\/\",\"name\":\"Infectious Diseases in the Anal Area - Dr. Alexis Freitas\",\"isPartOf\":{\"@id\":\"https:\\\/\\\/www.drfreitas.at\\\/en\\\/#website\"},\"datePublished\":\"2024-12-17T21:05:52+00:00\",\"dateModified\":\"2025-06-26T09:27:45+00:00\",\"description\":\"Causes, symptoms, and treatment options for anal infections, including HPV-related genital warts, chlamydia, gonorrhea, and syphilis \u2013 early diagnosis ensures effective care and prevents complication.\",\"breadcrumb\":{\"@id\":\"https:\\\/\\\/www.drfreitas.at\\\/en\\\/intestinal-and-anorectal-diseases\\\/infectious-diseases-in-the-anal-area\\\/#breadcrumb\"},\"inLanguage\":\"en-US\",\"potentialAction\":[{\"@type\":\"ReadAction\",\"target\":[\"https:\\\/\\\/www.drfreitas.at\\\/en\\\/intestinal-and-anorectal-diseases\\\/infectious-diseases-in-the-anal-area\\\/\"]}]},{\"@type\":\"BreadcrumbList\",\"@id\":\"https:\\\/\\\/www.drfreitas.at\\\/en\\\/intestinal-and-anorectal-diseases\\\/infectious-diseases-in-the-anal-area\\\/#breadcrumb\",\"itemListElement\":[{\"@type\":\"ListItem\",\"position\":1,\"name\":\"Startseite\",\"item\":\"https:\\\/\\\/www.drfreitas.at\\\/en\\\/dr-alexis-freitas-specialist-in-general-surgery-senior-surgeon-european-specialist-in-coloproctology\\\/\"},{\"@type\":\"ListItem\",\"position\":2,\"name\":\"Intestinal and anorectal diseases\",\"item\":\"https:\\\/\\\/www.drfreitas.at\\\/en\\\/intestinal-and-anorectal-diseases\\\/\"},{\"@type\":\"ListItem\",\"position\":3,\"name\":\"Infectious Diseases in the Anal Area\"}]},{\"@type\":\"WebSite\",\"@id\":\"https:\\\/\\\/www.drfreitas.at\\\/en\\\/#website\",\"url\":\"https:\\\/\\\/www.drfreitas.at\\\/en\\\/\",\"name\":\"Dr. Alexis Freitas - Facharzt f\u00fcr Chirurgie und Europ\u00e4ischer Facharzt f\u00fcr Chirurgie\u2009\\\/\u2009Koloproktologie\",\"description\":\"Facharzt f\u00fcr Chirurgie und Europ\u00e4ischer Facharzt f\u00fcr Chirurgie\u2009\\\/\u2009Koloproktologie\",\"publisher\":{\"@id\":\"https:\\\/\\\/www.drfreitas.at\\\/en\\\/#organization\"},\"potentialAction\":[{\"@type\":\"SearchAction\",\"target\":{\"@type\":\"EntryPoint\",\"urlTemplate\":\"https:\\\/\\\/www.drfreitas.at\\\/en\\\/?s={search_term_string}\"},\"query-input\":{\"@type\":\"PropertyValueSpecification\",\"valueRequired\":true,\"valueName\":\"search_term_string\"}}],\"inLanguage\":\"en-US\"},{\"@type\":\"Organization\",\"@id\":\"https:\\\/\\\/www.drfreitas.at\\\/en\\\/#organization\",\"name\":\"OA Dr. Alexis Freitas, F.E.B.S.\",\"url\":\"https:\\\/\\\/www.drfreitas.at\\\/en\\\/\",\"logo\":{\"@type\":\"ImageObject\",\"inLanguage\":\"en-US\",\"@id\":\"https:\\\/\\\/www.drfreitas.at\\\/en\\\/#\\\/schema\\\/logo\\\/image\\\/\",\"url\":\"https:\\\/\\\/www.drfreitas.at\\\/wp-content\\\/uploads\\\/dr-freitas-favicon.svg\",\"contentUrl\":\"https:\\\/\\\/www.drfreitas.at\\\/wp-content\\\/uploads\\\/dr-freitas-favicon.svg\",\"width\":1,\"height\":1,\"caption\":\"OA Dr. Alexis Freitas, F.E.B.S.\"},\"image\":{\"@id\":\"https:\\\/\\\/www.drfreitas.at\\\/en\\\/#\\\/schema\\\/logo\\\/image\\\/\"},\"sameAs\":[\"https:\\\/\\\/www.facebook.com\\\/dralexisfreitas\\\/\"]}]}<\/script>\n<!-- \/ Yoast SEO plugin. -->","yoast_head_json":{"title":"Infectious Diseases in the Anal Area - Dr. Alexis Freitas","description":"Causes, symptoms, and treatment options for anal infections, including HPV-related genital warts, chlamydia, gonorrhea, and syphilis \u2013 early diagnosis ensures effective care and prevents complication.","robots":{"index":"index","follow":"follow","max-snippet":"max-snippet:-1","max-image-preview":"max-image-preview:large","max-video-preview":"max-video-preview:-1"},"canonical":"https:\/\/www.drfreitas.at\/en\/intestinal-and-anorectal-diseases\/infectious-diseases-in-the-anal-area\/","og_locale":"en_US","og_type":"article","og_title":"Infectious Diseases in the Anal Area - Dr. Alexis Freitas","og_description":"Causes, symptoms, and treatment options for anal infections, including HPV-related genital warts, chlamydia, gonorrhea, and syphilis \u2013 early diagnosis ensures effective care and prevents complication.","og_url":"https:\/\/www.drfreitas.at\/en\/intestinal-and-anorectal-diseases\/infectious-diseases-in-the-anal-area\/","og_site_name":"Dr. Alexis Freitas","article_publisher":"https:\/\/www.facebook.com\/dralexisfreitas\/","article_modified_time":"2025-06-26T09:27:45+00:00","twitter_card":"summary_large_image","twitter_misc":{"Est. reading time":"9 minutes"},"schema":{"@context":"https:\/\/schema.org","@graph":[{"@type":"WebPage","@id":"https:\/\/www.drfreitas.at\/en\/intestinal-and-anorectal-diseases\/infectious-diseases-in-the-anal-area\/","url":"https:\/\/www.drfreitas.at\/en\/intestinal-and-anorectal-diseases\/infectious-diseases-in-the-anal-area\/","name":"Infectious Diseases in the Anal Area - Dr. Alexis Freitas","isPartOf":{"@id":"https:\/\/www.drfreitas.at\/en\/#website"},"datePublished":"2024-12-17T21:05:52+00:00","dateModified":"2025-06-26T09:27:45+00:00","description":"Causes, symptoms, and treatment options for anal infections, including HPV-related genital warts, chlamydia, gonorrhea, and syphilis \u2013 early diagnosis ensures effective care and prevents complication.","breadcrumb":{"@id":"https:\/\/www.drfreitas.at\/en\/intestinal-and-anorectal-diseases\/infectious-diseases-in-the-anal-area\/#breadcrumb"},"inLanguage":"en-US","potentialAction":[{"@type":"ReadAction","target":["https:\/\/www.drfreitas.at\/en\/intestinal-and-anorectal-diseases\/infectious-diseases-in-the-anal-area\/"]}]},{"@type":"BreadcrumbList","@id":"https:\/\/www.drfreitas.at\/en\/intestinal-and-anorectal-diseases\/infectious-diseases-in-the-anal-area\/#breadcrumb","itemListElement":[{"@type":"ListItem","position":1,"name":"Startseite","item":"https:\/\/www.drfreitas.at\/en\/dr-alexis-freitas-specialist-in-general-surgery-senior-surgeon-european-specialist-in-coloproctology\/"},{"@type":"ListItem","position":2,"name":"Intestinal and anorectal diseases","item":"https:\/\/www.drfreitas.at\/en\/intestinal-and-anorectal-diseases\/"},{"@type":"ListItem","position":3,"name":"Infectious Diseases in the Anal Area"}]},{"@type":"WebSite","@id":"https:\/\/www.drfreitas.at\/en\/#website","url":"https:\/\/www.drfreitas.at\/en\/","name":"Dr. Alexis Freitas - Facharzt f\u00fcr Chirurgie und Europ\u00e4ischer Facharzt f\u00fcr Chirurgie\u2009\/\u2009Koloproktologie","description":"Facharzt f\u00fcr Chirurgie und Europ\u00e4ischer Facharzt f\u00fcr Chirurgie\u2009\/\u2009Koloproktologie","publisher":{"@id":"https:\/\/www.drfreitas.at\/en\/#organization"},"potentialAction":[{"@type":"SearchAction","target":{"@type":"EntryPoint","urlTemplate":"https:\/\/www.drfreitas.at\/en\/?s={search_term_string}"},"query-input":{"@type":"PropertyValueSpecification","valueRequired":true,"valueName":"search_term_string"}}],"inLanguage":"en-US"},{"@type":"Organization","@id":"https:\/\/www.drfreitas.at\/en\/#organization","name":"OA Dr. Alexis Freitas, F.E.B.S.","url":"https:\/\/www.drfreitas.at\/en\/","logo":{"@type":"ImageObject","inLanguage":"en-US","@id":"https:\/\/www.drfreitas.at\/en\/#\/schema\/logo\/image\/","url":"https:\/\/www.drfreitas.at\/wp-content\/uploads\/dr-freitas-favicon.svg","contentUrl":"https:\/\/www.drfreitas.at\/wp-content\/uploads\/dr-freitas-favicon.svg","width":1,"height":1,"caption":"OA Dr. Alexis Freitas, F.E.B.S."},"image":{"@id":"https:\/\/www.drfreitas.at\/en\/#\/schema\/logo\/image\/"},"sameAs":["https:\/\/www.facebook.com\/dralexisfreitas\/"]}]}},"_links":{"self":[{"href":"https:\/\/www.drfreitas.at\/en\/wp-json\/wp\/v2\/pages\/2291","targetHints":{"allow":["GET"]}}],"collection":[{"href":"https:\/\/www.drfreitas.at\/en\/wp-json\/wp\/v2\/pages"}],"about":[{"href":"https:\/\/www.drfreitas.at\/en\/wp-json\/wp\/v2\/types\/page"}],"author":[{"embeddable":true,"href":"https:\/\/www.drfreitas.at\/en\/wp-json\/wp\/v2\/users\/1"}],"replies":[{"embeddable":true,"href":"https:\/\/www.drfreitas.at\/en\/wp-json\/wp\/v2\/comments?post=2291"}],"version-history":[{"count":2,"href":"https:\/\/www.drfreitas.at\/en\/wp-json\/wp\/v2\/pages\/2291\/revisions"}],"predecessor-version":[{"id":2293,"href":"https:\/\/www.drfreitas.at\/en\/wp-json\/wp\/v2\/pages\/2291\/revisions\/2293"}],"up":[{"embeddable":true,"href":"https:\/\/www.drfreitas.at\/en\/wp-json\/wp\/v2\/pages\/2326"}],"wp:attachment":[{"href":"https:\/\/www.drfreitas.at\/en\/wp-json\/wp\/v2\/media?parent=2291"}],"curies":[{"name":"wp","href":"https:\/\/api.w.org\/{rel}","templated":true}]}}